{"id":94,"date":"2021-01-02T01:40:21","date_gmt":"2021-01-02T01:40:21","guid":{"rendered":"http:\/\/lugemispesa.eu\/ru\/?page_id=94"},"modified":"2021-02-01T02:10:02","modified_gmt":"2021-02-01T02:10:02","slug":"lugemismangud","status":"publish","type":"page","link":"https:\/\/www.lugemispesa.eu\/ru\/videod\/lugemismangud\/","title":{"rendered":"LUGEMISM\u00c4NGUD"},"content":{"rendered":"<div id=\"pl-94\"  class=\"panel-layout\" ><div id=\"pg-94-0\"  class=\"panel-grid panel-no-style\" ><div id=\"pgc-94-0-0\"  class=\"panel-grid-cell panel-grid-cell-empty panel-grid-cell-mobile-last\" ><\/div><div id=\"pgc-94-0-1\"  class=\"panel-grid-cell panel-grid-cell-empty\" ><\/div><\/div><div id=\"pg-94-1\"  class=\"panel-grid panel-no-style\" ><div id=\"pgc-94-1-0\"  class=\"panel-grid-cell panel-grid-cell-empty\" ><\/div><div id=\"pgc-94-1-1\"  class=\"panel-grid-cell panel-grid-cell-mobile-last\" ><div id=\"panel-94-1-1-0\" class=\"so-panel widget widget_black-studio-tinymce widget_black_studio_tinymce panel-first-child panel-last-child\" data-index=\"0\" ><div class=\"textwidget\"><h2 style=\"text-align: center;\"><a href=\"https:\/\/lugemispesa.eu\/ru\/videod\/lugemismangud\/\">\u0418\u0413\u0420\u042b \u041f\u041e \u0427\u0422\u0415\u041d\u0418\u042e<\/a><\/h2>\n<h2 style=\"text-align: center;\"><span style=\"color: #333399;\">\u00a0<\/span><\/h2>\n<p><div class=\"galery_video_view9_cont_list\"\n     id=\"galery_video_view9_cont_list5\"\n     data-gallery-video-perpage=\"5\" data-gallery-video-id=\"5\">\n\t<div id=\"origincode_gallery_video_view9_cont_list5\" class=\"origincode_gallery_video_view9_cont_list view-blog-style-gallery\">\n\t\t<input type=\"hidden\" id=\"total\" value=\"1\"\/>\n\t\t\t\t\t\t<div class=\"video_view9_container\">\n\t\t\t\t\t<input type=\"hidden\" class=\"pagenum\" value=\"1\"\/>\n\t\t\t\t\t<h1 class=\"video_new_view_title\">\u0411\u0418\u041d\u0413\u041e \u0421 \u0411\u0423\u041a\u0412\u0410\u041c\u0418<\/h1>\n\t\t\t\t\t<div class=\"video_new_view_desc\">\u0418\u0433\u0440\u0430 \u043f\u043e \u0447\u0442\u0435\u043d\u0438\u044e \u00ab\u0411\u0438\u043d\u0433\u043e \u0441 \u0431\u0443\u043a\u0432\u0430\u043c\u0438\u00bb \u0418\u0433\u0440\u0430\u0435\u043c \u0432\u0447\u0435\u0442\u0432\u0435\u0440\u043e\u043c \u043f\u043e \u043f\u0440\u0430\u0432\u0438\u043b\u0430\u043c \u0431\u0438\u043d\u0433\u043e. \u041f\u043e \u043e\u0447\u0435\u0440\u0435\u0434\u0438 \u0431\u0435\u0440\u0435\u043c \u043e\u0434\u043d\u0443 \u0431\u0443\u043a\u0432\u0443 \u0441 \u0441\u0435\u0440\u0435\u0434\u0438\u043d\u044b \u0441\u0442\u043e\u043b\u0430, \u043d\u0430\u0437\u044b\u0432\u0430\u0435\u043c \u0435\u0435, \u0443\u043a\u0430\u0437\u044b\u0432\u0430\u0435\u043c \u043d\u0430 \u043d\u0435\u0435, \u0438 \u0432\u0441\u0435 \u0438\u0433\u0440\u043e\u043a\u0438 \u0438\u0449\u0443\u0442 \u043d\u0430\u0437\u0432\u0430\u043d\u043d\u0443\u044e \u0431\u0443\u043a\u0432\u0443 \u043d\u0430 \u0441\u0432\u043e\u0435\u043c \u0438\u0433\u0440\u043e\u0432\u043e\u043c \u043f\u043e\u043b\u0435. \u041d\u0430\u0448\u0435\u0434\u0448\u0438\u0439 \u043f\u0435\u0440\u0432\u044b\u043c \u0431\u0435\u0440\u0435\u0442 \u0431\u0443\u043a\u0432\u0443 \u0441\u0435\u0431\u0435 \u0438 \u0441\u0442\u0430\u0432\u0438\u0442 \u0432 \u043d\u0443\u0436\u043d\u043e\u0435 \u043c\u0435\u0441\u0442\u043e \u043d\u0430 \u043f\u043e\u043b\u0435. \u0426\u0435\u043b\u044c: \u0440\u0435\u0431\u0435\u043d\u043e\u043a \u0440\u0430\u0441\u043f\u043e\u0437\u043d\u0430\u0435\u0442 \u0438 \u043d\u0430\u0437\u044b\u0432\u0430\u0435\u0442 \u0431\u0443\u043a\u0432\u044b (4-5 \u043b\u0435\u0442). \u041d\u0435\u043e\u0431\u0445\u043e\u0434\u0438\u043c\u043e: \u0441\u0430\u043c\u043e\u0434\u0435\u043b\u044c\u043d\u0430\u044f \u0438\u0433\u0440\u0430.<\/div>\n\t\t\t\t\t<div class=\"video_view9_vid_wrapper\" data-id=\"81\">\n\t\t\t\t\t\t\t\t\t\t\t\t<div id=\"thevideo\" style=\"display: block;\">\n\t\t\t\t\t\t\t\t\t\t\t\t\t\t\t<iframe class=\"video_view9_img \"\n\t\t\t\t\t\t\t\t        width=\"100%\"\n\t\t\t\t\t\t\t\t        height=\"100%\"\n\t\t\t\t\t\t\t\t        src=\"\/\/www.youtube.com\/embed\/G2lckSVff70\" style=\"border: 0;\"\n\t\t\t\t\t\t\t\t        allowfullscreen><\/iframe>\n\t\t\t\t\t\t\t\t\t\t\t\t\t\t<\/div>\n\t\t\t\t\t<\/div>\n\t\t\t\t<\/div>\n\t\t\t\t<div class=\"clear\"><\/div>\n\t\t\t\t\t\t\t\t<div class=\"video_view9_container\">\n\t\t\t\t\t<input type=\"hidden\" class=\"pagenum\" value=\"1\"\/>\n\t\t\t\t\t<h1 class=\"video_new_view_title\">\u041f\u0418\u0428\u0415\u041c \u0421\u041b\u041e\u0412\u0410<\/h1>\n\t\t\t\t\t<div class=\"video_new_view_desc\">\u0418\u0433\u0440\u0430 \u043f\u043e \u0447\u0442\u0435\u043d\u0438\u044e \u00ab\u041f\u0438\u0448\u0435\u043c \u0441\u043b\u043e\u0432\u0430\u00bb \u2013 \u043d\u0430 \u043f\u0430\u043b\u043e\u0447\u043a\u0430\u0445 \u043e\u0442 \u043c\u043e\u0440\u043e\u0436\u0435\u043d\u043d\u043e\u0433\u043e \u043f\u0438\u0448\u0435\u043c \u0441\u043b\u043e\u0432\u0430, \u0432\u044b\u0431\u0440\u0430\u043d\u043d\u044b\u0435 \u043f\u043e \u043e\u0431\u0449\u0435\u043c\u0443 \u043f\u0440\u0438\u043d\u0446\u0438\u043f\u0443 (\u043d\u0430\u043f\u0440\u0438\u043c\u0435\u0440 \u0441\u043b\u043e\u0432\u0430 \u0441 \u043a\u043e\u043d\u043a\u0440\u0435\u0442\u043d\u043e\u0439 \u0431\u0443\u043a\u0432\u043e\u0439, \u0441\u043b\u043e\u0432\u0430 \u0438\u0437 \u0442\u0440\u0435\u0445 \u0431\u0443\u043a\u0432, \u0441\u043b\u043e\u0432\u0430 \u043d\u0430 \u043a\u043e\u043d\u043a\u0440\u0435\u0442\u043d\u0443\u044e \u0431\u0443\u043a\u0432\u0443 \u0438 \u0442. \u0434.). \u0414\u0435\u0442\u0438 \u0441\u043a\u043b\u0430\u0434\u044b\u0432\u0430\u044e\u0442 \u043d\u0430 \u043a\u0440\u044b\u0448\u043a\u0435 \u043c\u0435\u0442\u0430\u043b\u043b\u0438\u0447\u0435\u0441\u043a\u043e\u0439 \u043a\u043e\u0440\u043e\u0431\u043e\u0447\u043a\u0438 \u0441\u043b\u043e\u0432\u0430 \u0438\u0437 \u043c\u0430\u0433\u043d\u0438\u0442\u043d\u044b\u0445 \u0431\u0443\u043a\u0432. \u0426\u0435\u043b\u044c: \u0440\u0435\u0431\u0435\u043d\u043e\u043a \u0440\u0430\u0437\u043b\u0438\u0447\u0430\u0435\u0442 \u043f\u0435\u0440\u0432\u044b\u0439 \u0437\u0432\u0443\u043a \u0432 \u0441\u043b\u043e\u0432\u0435, \u0440\u0430\u0441\u043f\u043e\u0437\u043d\u0430\u0435\u0442 \u0438 \u043d\u0430\u0437\u044b\u0432\u0430\u0435\u0442 \u0431\u0443\u043a\u0432\u044b (4-6 \u043b\u0435\u0442) \u041d\u0435\u043e\u0431\u0445\u043e\u0434\u0438\u043c\u043e: \u043c\u0430\u0433\u043d\u0438\u0442\u043d\u044b\u0435 \u0431\u0443\u043a\u0432\u044b, \u043c\u0435\u0442\u0430\u043b\u043b\u0438\u0447\u0435\u0441\u043a\u0430\u044f \u043a\u043e\u0440\u043e\u0431\u043e\u0447\u043a\u0430 (\u043f\u043e\u0434\u043e\u0439\u0434\u0435\u0442 \u043e\u0442 \u043f\u0435\u0447\u0435\u043d\u044c\u044f, \u043a\u043e\u043d\u0444\u0435\u0442), \u043f\u0430\u043b\u043e\u0447\u043a\u0438 \u043e\u0442 \u043c\u043e\u0440\u043e\u0436\u0435\u043d\u043d\u043e\u0433\u043e \u0441\u043e \u0441\u043b\u043e\u0432\u0430\u043c\u0438.<\/div>\n\t\t\t\t\t<div class=\"video_view9_vid_wrapper\" data-id=\"80\">\n\t\t\t\t\t\t\t\t\t\t\t\t<div id=\"thevideo\" style=\"display: block;\">\n\t\t\t\t\t\t\t\t\t\t\t\t\t\t\t<iframe class=\"video_view9_img \"\n\t\t\t\t\t\t\t\t        width=\"100%\"\n\t\t\t\t\t\t\t\t        height=\"100%\"\n\t\t\t\t\t\t\t\t        src=\"\/\/www.youtube.com\/embed\/JfkMnKDubKY\" style=\"border: 0;\"\n\t\t\t\t\t\t\t\t        allowfullscreen><\/iframe>\n\t\t\t\t\t\t\t\t\t\t\t\t\t\t<\/div>\n\t\t\t\t\t<\/div>\n\t\t\t\t<\/div>\n\t\t\t\t<div class=\"clear\"><\/div>\n\t\t\t\t\t\t\t\t<div class=\"video_view9_container\">\n\t\t\t\t\t<input type=\"hidden\" class=\"pagenum\" value=\"1\"\/>\n\t\t\t\t\t<h1 class=\"video_new_view_title\">\u0411\u0423\u041a\u0412\u042b \u0418\u0417 \u041a\u0410\u0428\u0422\u0410\u041d\u041e\u0412<\/h1>\n\t\t\t\t\t<div class=\"video_new_view_desc\">\u0418\u0433\u0440\u0430 \u043f\u043e \u0447\u0442\u0435\u043d\u0438\u044e \u00ab\u0411\u0443\u043a\u0432\u044b \u0438\u0437 \u043a\u0430\u0448\u0442\u0430\u043d\u043e\u0432\u00bb. \u0412\u044b\u043a\u043b\u0430\u0434\u044b\u0432\u0430\u0435\u043c \u043a\u0430\u0448\u0442\u0430\u043d\u044b \u043d\u0430 \u043d\u0430\u0440\u0438\u0441\u043e\u0432\u0430\u043d\u043d\u0443\u044e \u0431\u0443\u043a\u0432\u0443 \u0438\u043b\u0438 \u043f\u0440\u043e\u0441\u0442\u043e \u043d\u0430 \u0441\u0442\u043e\u043b. NB: \u0442\u0430\u043a\u0436\u0435 \u043c\u043e\u0436\u043d\u043e \u0438\u0441\u043f\u043e\u043b\u044c\u0437\u043e\u0432\u0430\u0442\u044c \u043c\u044f\u0433\u043a\u0438\u0435 \u043c\u044f\u0447\u0438\u043a\u0438, \u0448\u0438\u0448\u043a\u0438, \u043a\u0430\u043c\u0435\u0448\u043a\u0438 \u0438 \u0442. \u0434. \u0426\u0435\u043b\u044c: \u0440\u0435\u0431\u0435\u043d\u043e\u043a \u0437\u043d\u0430\u0435\u0442 \u0438 \u043d\u0430\u0437\u044b\u0432\u0430\u0435\u0442 \u0431\u0443\u043a\u0432\u044b (3-6 \u043b\u0435\u0442) \u041d\u0435\u043e\u0431\u0445\u043e\u0434\u0438\u043c\u043e: \u043a\u0430\u0448\u0442\u0430\u043d\u044b, \u043d\u0430\u0440\u0438\u0441\u043e\u0432\u0430\u043d\u043d\u044b\u0435 \u0431\u0443\u043a\u0432\u044b<\/div>\n\t\t\t\t\t<div class=\"video_view9_vid_wrapper\" data-id=\"79\">\n\t\t\t\t\t\t\t\t\t\t\t\t<div id=\"thevideo\" style=\"display: block;\">\n\t\t\t\t\t\t\t\t\t\t\t\t\t\t\t<iframe class=\"video_view9_img \"\n\t\t\t\t\t\t\t\t        width=\"100%\"\n\t\t\t\t\t\t\t\t        height=\"100%\"\n\t\t\t\t\t\t\t\t        src=\"\/\/www.youtube.com\/embed\/dki21k3-V1w\" style=\"border: 0;\"\n\t\t\t\t\t\t\t\t        allowfullscreen><\/iframe>\n\t\t\t\t\t\t\t\t\t\t\t\t\t\t<\/div>\n\t\t\t\t\t<\/div>\n\t\t\t\t<\/div>\n\t\t\t\t<div class=\"clear\"><\/div>\n\t\t\t\t\t\t\t\t<div class=\"video_view9_container\">\n\t\t\t\t\t<input type=\"hidden\" class=\"pagenum\" value=\"1\"\/>\n\t\t\t\t\t<h1 class=\"video_new_view_title\">\u041d\u0410\u0419\u0414\u0418 \u041f\u0415\u0420\u0412\u0423\u042e \u0411\u0423\u041a\u0412\u0423<\/h1>\n\t\t\t\t\t<div class=\"video_new_view_desc\">\u0418\u0433\u0440\u0430 \u043f\u043e \u0447\u0442\u0435\u043d\u0438\u044e \u0441 \u043f\u0440\u0438\u0449\u0435\u043f\u043a\u0430\u043c\u0438 \u00ab\u041d\u0430\u0439\u0434\u0438 \u043f\u0435\u0440\u0432\u0443\u044e \u0431\u0443\u043a\u0432\u0443\u00bb \u0412\u044b\u0431\u0435\u0440\u0438\u0442\u0435 \u0438\u0437 \u0442\u0440\u0435\u0445 \u0431\u0443\u043a\u0432 \u043f\u0435\u0440\u0432\u0443\u044e, \u043d\u0430 \u043a\u043e\u0442\u043e\u0440\u0443\u044e \u043d\u0430\u0447\u0438\u043d\u0430\u0435\u0442\u0441\u044f \u0438\u0437\u043e\u0431\u0440\u0430\u0436\u0435\u043d\u043d\u044b\u0439 \u043d\u0430 \u043a\u0430\u0440\u0442\u0438\u043d\u043a\u0435 \u043f\u0440\u0435\u0434\u043c\u0435\u0442 \u0438\u043b\u0438 \u0441\u0443\u0449\u0435\u0441\u0442\u0432\u043e \u0438 \u043f\u0440\u0438\u043a\u0440\u0435\u043f\u0438\u0442\u0435 \u043f\u0440\u0438\u0449\u0435\u043f\u043a\u0443 \u043a \u043d\u0443\u0436\u043d\u043e\u0439 \u0431\u0443\u043a\u0432\u0435. \u0426\u0435\u043b\u044c: \u0440\u0435\u0431\u0435\u043d\u043e\u043a \u0440\u0430\u0437\u043b\u0438\u0447\u0430\u0435\u0442 \u043f\u0435\u0440\u0432\u0443\u044e \u0431\u0443\u043a\u0432\u0443 \u0441\u043b\u043e\u0432\u0430 (5-6 \u043b\u0435\u0442) \u041d\u0435\u043e\u0431\u0445\u043e\u0434\u0438\u043c\u043e: \u043a\u0430\u0440\u0442\u043e\u0447\u043a\u0438 \u0441 \u043a\u0430\u0440\u0442\u0438\u043d\u043a\u043e\u0439 \u0438 \u0442\u0440\u0435\u043c\u044f \u0431\u0443\u043a\u0432\u0430\u043c\u0438; \u043f\u0440\u0438\u0449\u0435\u043f\u043a\u0438<\/div>\n\t\t\t\t\t<div class=\"video_view9_vid_wrapper\" data-id=\"78\">\n\t\t\t\t\t\t\t\t\t\t\t\t<div id=\"thevideo\" style=\"display: block;\">\n\t\t\t\t\t\t\t\t\t\t\t\t\t\t\t<iframe class=\"video_view9_img \"\n\t\t\t\t\t\t\t\t        width=\"100%\"\n\t\t\t\t\t\t\t\t        height=\"100%\"\n\t\t\t\t\t\t\t\t        src=\"\/\/www.youtube.com\/embed\/fsTwea7u28o\" style=\"border: 0;\"\n\t\t\t\t\t\t\t\t        allowfullscreen><\/iframe>\n\t\t\t\t\t\t\t\t\t\t\t\t\t\t<\/div>\n\t\t\t\t\t<\/div>\n\t\t\t\t<\/div>\n\t\t\t\t<div class=\"clear\"><\/div>\n\t\t\t\t\t<\/div>\n\t\n<\/div><style>\n.video_view9_container:nth-last-child(3){\n    margin-bottom: 0 !important;\n    padding-bottom: 0 !important;\n    border:none !important;\n\n}\n.video_view9_container{\n    width: 70%;\n    float:none;\nmargin:0 auto;;\n    margin-bottom: 5px !important;\n    padding-bottom: 5px !important;\n    border-bottom:  2px\n\n    dotted #010457;\n}\n.video_new_view_title{\n    font-size:18px !important;\n    color:#010457 !important;\n;\ntext-align:justify;;\n    background-color:#CBF2C8 !important;\n;\n}\n.video_new_view_desc ul{\n    list-style-type: none;\n}\n.video_new_view_desc{\n    margin-top: 15px;\n    line-height: 1.5;\n    font-size:16px !important;\n    color:#0D0402 !important;\n;\ntext-align:justify;;\n    background-color:#EBFFDE !important;\nopacity:0.6;;\n}\n.paginate{\n    font-size:22px !important;\n    color:#1046B3 !important;\n    text-align: center;\n}\n.paginate a{\n    border-bottom: none !important;\n    box-shadow: none !important;\n}\n.icon-style{\n    font-size: 18px !important;\n    color:#1046B3 !important;\n}\n.clear{\n    clear:both;\n}\n.video_view9_img{\n    display:block;\n    margin: 0 auto;\n}\n.video_view9_vid_wrapper .thumb_wrapper{\n    width: 100%;\n    height: 100%;\n}\n.video_view9_vid_wrapper #thevideo{\n    position: absolute;\n    top: 0;\n    width: 100%;\n    height: 100%;\n}\n.video_view9_vid_wrapper{\n    \/*width: px;\n    height: px;*\/\n    width: 100%;\n    position: relative;\n    margin-bottom: 15px;\n    display: inline-block;\n    float:left;\n    left: 50%;\n    transform: translateX(-50%);\n    max-width: 99%;\n}\n.video_view9_vid_wrapper iframe{\n    opacity: 1;\n    cursor: pointer;\n    max-width:100%;\n    max-height: 100%;\n}\n.video_view9_vid_wrapper iframe.iframe-thumb{\n    opacity: 0;\n}\n.thumb_image{\n    position: absolute;\n    width: 100%;\n    height: 100% !important;\n    z-index: 10;\n}\n.youtube-icon {background:url(https:\/\/www.lugemispesa.eu\/ru\/wp-content\/plugins\/smart-grid-gallery\/assets\/images\/admin_images\/play.youtube.png) center center no-repeat;}\n.vimeo-icon {background:url(https:\/\/www.lugemispesa.eu\/ru\/wp-content\/plugins\/smart-grid-gallery\/assets\/images\/admin_images\/play.vimeo.png) center center no-repeat;}\n.playbutton{\n    width: 100%;\n    height: 100%;\n    position: absolute;\n    z-index: 11;\n}\n\n.load_more {\n    margin: 10px 0;\n    position:relative;\n    text-align:center;\n\n    width:100%;\n\n\n}\n\n.load_more_button {\n    border-radius: 10px;\n    display:inline-block;\n    padding:5px 15px;\n    font-size:19px !important;\n    color:#FFFFFF !important;\n    background:#5CADFF !important;\n    cursor:pointer;\n    margin-top: 15px;\n\n}\n.load_more_button:hover{\n    color:#D9D9D9 !important;\n    background:#8F827C !important;\n}\n.loading {\n    display:none;\n}\n\n<\/style><\/p>\n<\/div><\/div><\/div><div id=\"pgc-94-1-2\"  class=\"panel-grid-cell panel-grid-cell-empty\" ><\/div><\/div><\/div>","protected":false},"excerpt":{"rendered":"<p>\u0418\u0413\u0420\u042b \u041f\u041e \u0427\u0422\u0415\u041d\u0418\u042e \u00a0<\/p>\n","protected":false},"author":1,"featured_media":40,"parent":46,"menu_order":0,"comment_status":"closed","ping_status":"closed","template":"elementor_header_footer","meta":{"footnotes":""},"yoast_head":"<!-- This site is optimized with the Yoast SEO plugin v21.2 - https:\/\/yoast.com\/wordpress\/plugins\/seo\/ -->\n<title>Lugemispesa lugemism\u00e4ngud - videod, m\u00e4ngude tutvustused ja juhendid<\/title>\n<meta name=\"description\" content=\"Siin saad tutvuda erinevate lugemism\u00e4ngudega. Vaata kuidas erinevaid lugemism\u00e4nge m\u00e4ngitakse, \u00f5pi neid m\u00e4ngima ja ka ise valmistama.\" \/>\n<meta name=\"robots\" content=\"index, follow, max-snippet:-1, max-image-preview:large, max-video-preview:-1\" \/>\n<link rel=\"canonical\" href=\"https:\/\/lugemispesa.eu\/ru\/videod\/lugemismangud\/\" \/>\n<meta property=\"og:locale\" content=\"en_US\" \/>\n<meta property=\"og:type\" content=\"article\" \/>\n<meta property=\"og:title\" content=\"Lugemispesa lugemism\u00e4ngud - videod, m\u00e4ngude tutvustused ja juhendid\" \/>\n<meta property=\"og:description\" content=\"Siin saad tutvuda erinevate lugemism\u00e4ngudega. Vaata kuidas erinevaid lugemism\u00e4nge m\u00e4ngitakse, \u00f5pi neid m\u00e4ngima ja ka ise valmistama.\" \/>\n<meta property=\"og:url\" content=\"https:\/\/lugemispesa.eu\/ru\/videod\/lugemismangud\/\" \/>\n<meta property=\"og:site_name\" content=\"\u0427\u0438\u0442\u0430\u0442\u0435\u043b\u044c\u0441\u043a\u043e\u0435 \u0413\u043d\u0435\u0437\u0434\u043e\" \/>\n<meta property=\"article:modified_time\" content=\"2021-02-01T02:10:02+00:00\" \/>\n<meta property=\"og:image\" content=\"https:\/\/lugemispesa.eu\/ru\/wp-content\/uploads\/2020\/12\/cropped-LUGEMISPESA-00.png\" \/>\n\t<meta property=\"og:image:width\" content=\"1056\" \/>\n\t<meta property=\"og:image:height\" content=\"1056\" \/>\n\t<meta property=\"og:image:type\" content=\"image\/png\" \/>\n<meta name=\"twitter:card\" content=\"summary_large_image\" \/>\n<meta name=\"twitter:label1\" content=\"Est. reading time\" \/>\n\t<meta name=\"twitter:data1\" content=\"2 minutes\" \/>\n<script type=\"application\/ld+json\" class=\"yoast-schema-graph\">{\"@context\":\"https:\/\/schema.org\",\"@graph\":[{\"@type\":\"WebPage\",\"@id\":\"https:\/\/lugemispesa.eu\/ru\/videod\/lugemismangud\/\",\"url\":\"https:\/\/lugemispesa.eu\/ru\/videod\/lugemismangud\/\",\"name\":\"Lugemispesa lugemism\u00e4ngud - videod, m\u00e4ngude tutvustused ja juhendid\",\"isPartOf\":{\"@id\":\"https:\/\/lugemispesa.eu\/ru\/#website\"},\"datePublished\":\"2021-01-02T01:40:21+00:00\",\"dateModified\":\"2021-02-01T02:10:02+00:00\",\"description\":\"Siin saad tutvuda erinevate lugemism\u00e4ngudega. Vaata kuidas erinevaid lugemism\u00e4nge m\u00e4ngitakse, \u00f5pi neid m\u00e4ngima ja ka ise valmistama.\",\"breadcrumb\":{\"@id\":\"https:\/\/lugemispesa.eu\/ru\/videod\/lugemismangud\/#breadcrumb\"},\"inLanguage\":\"en-US\",\"potentialAction\":[{\"@type\":\"ReadAction\",\"target\":[\"https:\/\/lugemispesa.eu\/ru\/videod\/lugemismangud\/\"]}]},{\"@type\":\"BreadcrumbList\",\"@id\":\"https:\/\/lugemispesa.eu\/ru\/videod\/lugemismangud\/#breadcrumb\",\"itemListElement\":[{\"@type\":\"ListItem\",\"position\":1,\"name\":\"Home\",\"item\":\"https:\/\/lugemispesa.eu\/ru\/\"},{\"@type\":\"ListItem\",\"position\":2,\"name\":\"VIDEOD\",\"item\":\"https:\/\/lugemispesa.eu\/ru\/videod\/\"},{\"@type\":\"ListItem\",\"position\":3,\"name\":\"LUGEMISM\u00c4NGUD\"}]},{\"@type\":\"WebSite\",\"@id\":\"https:\/\/lugemispesa.eu\/ru\/#website\",\"url\":\"https:\/\/lugemispesa.eu\/ru\/\",\"name\":\"\u0427\u0438\u0442\u0430\u0442\u0435\u043b\u044c\u0441\u043a\u043e\u0435 \u0413\u043d\u0435\u0437\u0434\u043e\",\"description\":\"\u041f\u0440\u043e\u0435\u043a\u0442 \u042d\u0441\u0442\u043e\u043d\u0441\u043a\u043e\u0433\u043e \u043e\u0431\u0449\u0435\u0441\u0442\u0432\u0430 \u0447\u0442\u0435\u043d\u0438\u044f \u00abLugemispes\u0430\u00bb \u0431\u044b\u043b \u0437\u0430\u043f\u0443\u0449\u0435\u043d \u0432 2004 \u0433\u043e\u0434\u0443 \u0434\u043b\u044f \u0442\u043e\u0433\u043e\u0434\u0430\u0442\u044c \u0443\u0447\u0438\u0442\u0435\u043b\u044f\u043c \u043d\u043e\u0432\u044b\u0435 \u0437\u043d\u0430\u043d\u0438\u044f \u0438 \u043d\u0430\u0432\u044b\u043a\u0438, \u043a\u0430\u043a \u0441\u0434\u0435\u043b\u0430\u0442\u044c \u0447\u0442\u0435\u043d\u0438\u0435 \u0438\u043d\u0442\u0435\u0440\u0435\u0441\u043d\u044b\u043c \u0434\u043b\u044f \u0434\u0435\u0442\u0435\u0439.\",\"publisher\":{\"@id\":\"https:\/\/lugemispesa.eu\/ru\/#organization\"},\"potentialAction\":[{\"@type\":\"SearchAction\",\"target\":{\"@type\":\"EntryPoint\",\"urlTemplate\":\"https:\/\/lugemispesa.eu\/ru\/?s={search_term_string}\"},\"query-input\":\"required name=search_term_string\"}],\"inLanguage\":\"en-US\"},{\"@type\":\"Organization\",\"@id\":\"https:\/\/lugemispesa.eu\/ru\/#organization\",\"name\":\"\u0427\u0438\u0442\u0430\u0442\u0435\u043b\u044c\u0441\u043a\u043e\u0435 \u0413\u043d\u0435\u0437\u0434\u043e\",\"url\":\"https:\/\/lugemispesa.eu\/ru\/\",\"logo\":{\"@type\":\"ImageObject\",\"inLanguage\":\"en-US\",\"@id\":\"https:\/\/lugemispesa.eu\/ru\/#\/schema\/logo\/image\/\",\"url\":\"https:\/\/www.lugemispesa.eu\/ru\/wp-content\/uploads\/2020\/12\/cropped-LUGEMISPESA-00.png\",\"contentUrl\":\"https:\/\/www.lugemispesa.eu\/ru\/wp-content\/uploads\/2020\/12\/cropped-LUGEMISPESA-00.png\",\"width\":1056,\"height\":1056,\"caption\":\"\u0427\u0438\u0442\u0430\u0442\u0435\u043b\u044c\u0441\u043a\u043e\u0435 \u0413\u043d\u0435\u0437\u0434\u043e\"},\"image\":{\"@id\":\"https:\/\/lugemispesa.eu\/ru\/#\/schema\/logo\/image\/\"}}]}<\/script>\n<!-- \/ Yoast SEO plugin. -->","yoast_head_json":{"title":"Lugemispesa lugemism\u00e4ngud - videod, m\u00e4ngude tutvustused ja juhendid","description":"Siin saad tutvuda erinevate lugemism\u00e4ngudega. Vaata kuidas erinevaid lugemism\u00e4nge m\u00e4ngitakse, \u00f5pi neid m\u00e4ngima ja ka ise valmistama.","robots":{"index":"index","follow":"follow","max-snippet":"max-snippet:-1","max-image-preview":"max-image-preview:large","max-video-preview":"max-video-preview:-1"},"canonical":"https:\/\/lugemispesa.eu\/ru\/videod\/lugemismangud\/","og_locale":"en_US","og_type":"article","og_title":"Lugemispesa lugemism\u00e4ngud - videod, m\u00e4ngude tutvustused ja juhendid","og_description":"Siin saad tutvuda erinevate lugemism\u00e4ngudega. Vaata kuidas erinevaid lugemism\u00e4nge m\u00e4ngitakse, \u00f5pi neid m\u00e4ngima ja ka ise valmistama.","og_url":"https:\/\/lugemispesa.eu\/ru\/videod\/lugemismangud\/","og_site_name":"\u0427\u0438\u0442\u0430\u0442\u0435\u043b\u044c\u0441\u043a\u043e\u0435 \u0413\u043d\u0435\u0437\u0434\u043e","article_modified_time":"2021-02-01T02:10:02+00:00","og_image":[{"width":1056,"height":1056,"url":"https:\/\/lugemispesa.eu\/ru\/wp-content\/uploads\/2020\/12\/cropped-LUGEMISPESA-00.png","type":"image\/png"}],"twitter_card":"summary_large_image","twitter_misc":{"Est. reading time":"2 minutes"},"schema":{"@context":"https:\/\/schema.org","@graph":[{"@type":"WebPage","@id":"https:\/\/lugemispesa.eu\/ru\/videod\/lugemismangud\/","url":"https:\/\/lugemispesa.eu\/ru\/videod\/lugemismangud\/","name":"Lugemispesa lugemism\u00e4ngud - videod, m\u00e4ngude tutvustused ja juhendid","isPartOf":{"@id":"https:\/\/lugemispesa.eu\/ru\/#website"},"datePublished":"2021-01-02T01:40:21+00:00","dateModified":"2021-02-01T02:10:02+00:00","description":"Siin saad tutvuda erinevate lugemism\u00e4ngudega. Vaata kuidas erinevaid lugemism\u00e4nge m\u00e4ngitakse, \u00f5pi neid m\u00e4ngima ja ka ise valmistama.","breadcrumb":{"@id":"https:\/\/lugemispesa.eu\/ru\/videod\/lugemismangud\/#breadcrumb"},"inLanguage":"en-US","potentialAction":[{"@type":"ReadAction","target":["https:\/\/lugemispesa.eu\/ru\/videod\/lugemismangud\/"]}]},{"@type":"BreadcrumbList","@id":"https:\/\/lugemispesa.eu\/ru\/videod\/lugemismangud\/#breadcrumb","itemListElement":[{"@type":"ListItem","position":1,"name":"Home","item":"https:\/\/lugemispesa.eu\/ru\/"},{"@type":"ListItem","position":2,"name":"VIDEOD","item":"https:\/\/lugemispesa.eu\/ru\/videod\/"},{"@type":"ListItem","position":3,"name":"LUGEMISM\u00c4NGUD"}]},{"@type":"WebSite","@id":"https:\/\/lugemispesa.eu\/ru\/#website","url":"https:\/\/lugemispesa.eu\/ru\/","name":"\u0427\u0438\u0442\u0430\u0442\u0435\u043b\u044c\u0441\u043a\u043e\u0435 \u0413\u043d\u0435\u0437\u0434\u043e","description":"\u041f\u0440\u043e\u0435\u043a\u0442 \u042d\u0441\u0442\u043e\u043d\u0441\u043a\u043e\u0433\u043e \u043e\u0431\u0449\u0435\u0441\u0442\u0432\u0430 \u0447\u0442\u0435\u043d\u0438\u044f \u00abLugemispes\u0430\u00bb \u0431\u044b\u043b \u0437\u0430\u043f\u0443\u0449\u0435\u043d \u0432 2004 \u0433\u043e\u0434\u0443 \u0434\u043b\u044f \u0442\u043e\u0433\u043e\u0434\u0430\u0442\u044c \u0443\u0447\u0438\u0442\u0435\u043b\u044f\u043c \u043d\u043e\u0432\u044b\u0435 \u0437\u043d\u0430\u043d\u0438\u044f \u0438 \u043d\u0430\u0432\u044b\u043a\u0438, \u043a\u0430\u043a \u0441\u0434\u0435\u043b\u0430\u0442\u044c \u0447\u0442\u0435\u043d\u0438\u0435 \u0438\u043d\u0442\u0435\u0440\u0435\u0441\u043d\u044b\u043c \u0434\u043b\u044f \u0434\u0435\u0442\u0435\u0439.","publisher":{"@id":"https:\/\/lugemispesa.eu\/ru\/#organization"},"potentialAction":[{"@type":"SearchAction","target":{"@type":"EntryPoint","urlTemplate":"https:\/\/lugemispesa.eu\/ru\/?s={search_term_string}"},"query-input":"required name=search_term_string"}],"inLanguage":"en-US"},{"@type":"Organization","@id":"https:\/\/lugemispesa.eu\/ru\/#organization","name":"\u0427\u0438\u0442\u0430\u0442\u0435\u043b\u044c\u0441\u043a\u043e\u0435 \u0413\u043d\u0435\u0437\u0434\u043e","url":"https:\/\/lugemispesa.eu\/ru\/","logo":{"@type":"ImageObject","inLanguage":"en-US","@id":"https:\/\/lugemispesa.eu\/ru\/#\/schema\/logo\/image\/","url":"https:\/\/www.lugemispesa.eu\/ru\/wp-content\/uploads\/2020\/12\/cropped-LUGEMISPESA-00.png","contentUrl":"https:\/\/www.lugemispesa.eu\/ru\/wp-content\/uploads\/2020\/12\/cropped-LUGEMISPESA-00.png","width":1056,"height":1056,"caption":"\u0427\u0438\u0442\u0430\u0442\u0435\u043b\u044c\u0441\u043a\u043e\u0435 \u0413\u043d\u0435\u0437\u0434\u043e"},"image":{"@id":"https:\/\/lugemispesa.eu\/ru\/#\/schema\/logo\/image\/"}}]}},"_links":{"self":[{"href":"https:\/\/www.lugemispesa.eu\/ru\/wp-json\/wp\/v2\/pages\/94"}],"collection":[{"href":"https:\/\/www.lugemispesa.eu\/ru\/wp-json\/wp\/v2\/pages"}],"about":[{"href":"https:\/\/www.lugemispesa.eu\/ru\/wp-json\/wp\/v2\/types\/page"}],"author":[{"embeddable":true,"href":"https:\/\/www.lugemispesa.eu\/ru\/wp-json\/wp\/v2\/users\/1"}],"replies":[{"embeddable":true,"href":"https:\/\/www.lugemispesa.eu\/ru\/wp-json\/wp\/v2\/comments?post=94"}],"version-history":[{"count":5,"href":"https:\/\/www.lugemispesa.eu\/ru\/wp-json\/wp\/v2\/pages\/94\/revisions"}],"predecessor-version":[{"id":365,"href":"https:\/\/www.lugemispesa.eu\/ru\/wp-json\/wp\/v2\/pages\/94\/revisions\/365"}],"up":[{"embeddable":true,"href":"https:\/\/www.lugemispesa.eu\/ru\/wp-json\/wp\/v2\/pages\/46"}],"wp:featuredmedia":[{"embeddable":true,"href":"https:\/\/www.lugemispesa.eu\/ru\/wp-json\/wp\/v2\/media\/40"}],"wp:attachment":[{"href":"https:\/\/www.lugemispesa.eu\/ru\/wp-json\/wp\/v2\/media?parent=94"}],"curies":[{"name":"wp","href":"https:\/\/api.w.org\/{rel}","templated":true}]}}